{"id":261,"date":"2023-12-12T14:50:37","date_gmt":"2023-12-12T14:50:37","guid":{"rendered":"https:\/\/pbmatchedbetting.com\/?page_id=261"},"modified":"2023-12-20T10:06:31","modified_gmt":"2023-12-20T10:06:31","slug":"datenschutz","status":"publish","type":"page","link":"https:\/\/pbmatchedbetting.com\/index.php\/datenschutz\/","title":{"rendered":"Datenschutz"},"content":{"rendered":"[et_pb_section fb_built=&#8221;1&#8243; _builder_version=&#8221;4.23.1&#8243; _module_preset=&#8221;default&#8221; global_colors_info=&#8221;{}&#8221; theme_builder_area=&#8221;post_content&#8221;][et_pb_row _builder_version=&#8221;4.23.1&#8243; _module_preset=&#8221;default&#8221; global_colors_info=&#8221;{}&#8221; theme_builder_area=&#8221;post_content&#8221;][et_pb_column type=&#8221;4_4&#8243; _builder_version=&#8221;4.23.1&#8243; _module_preset=&#8221;default&#8221; global_colors_info=&#8221;{}&#8221; theme_builder_area=&#8221;post_content&#8221;][et_pb_text _builder_version=&#8221;4.23.1&#8243; _module_preset=&#8221;default&#8221; global_colors_info=&#8221;{}&#8221; theme_builder_area=&#8221;post_content&#8221;]<h1><\/h1>\n<h1 class=\"wp-block-heading\">Einf\u00fchrung in diese Datenschutzrichtlinie<\/h1>\n<p>&nbsp;<\/p>\n<p><strong>Art der erfassten Daten und Vorgehensweise bei ihrer Erfassung<\/strong><\/p>\n<ol>\n<li>Wir erfassen m\u00f6glicherweise personenbezogene Daten \u00fcber Sie (Informationen, die Sie identifizieren oder sich auf Sie als identifizierbare Person beziehen), z. B.:\n<ul>\n<li>Name<\/li>\n<li>Telefon<\/li>\n<li>E-Mail-Adresse<\/li>\n<li>Demographische Daten<\/li>\n<\/ul>\n<\/li>\n<li>Wir erfassen m\u00f6glicherweise Informationen \u00fcber Sie, wenn Sie mit uns interagieren, z. B. wenn Sie:<br \/>\n<ul>\n<li>uns mit einer Frage oder Anfrage kontaktieren<\/li>\n<li>eine Empfehlung oder einen Erfahrungsbericht zur Verf\u00fcgung stellen oder eine Bewertung<\/li>\n<li>auf einer unserer Social-Media-Seiten \u00fcber die Optionen \u201egefallt mir\u201c oder \u201eFolgen\u201c oder \u00fcber Postings aktiv sind<\/li>\n<\/ul>\n<\/li>\n<li>Weitere Informationen, die wir \u00fcber Sie erfassen:\n<ul>\n<li>Cookies: Unsere Services k\u00f6nnen \u201eCookies\u201c und \u00e4hnliche Technologien verwenden (zusammenfassend \u201eCookies\u201c). Cookies sind kleine Textdateien, die diese Website f\u00fcr Aufzeichnungszwecke an Ihren Computer sendet, wobei die so erfassten Informationen in einer Datei auf der Festplatte Ihres Computers gespeichert werden. Durch Cookies wird die Nutzung des Internets erleichtert, indem Ihre bevorzugten Einstellungen gespeichert werden. Wir verwenden die gespeicherten Informationen, um Ihren n\u00e4chsten Besuch auf unserer Website zu verbessern.<\/li>\n<li>Cookies dienen u. a. der Vereinfachung der Website-Nutzung. So speichert ein Cookie m\u00f6glicherweise die Anmeldedaten eines Nutzers, sodass sich der Nutzer nicht bei jedem Besuch neu anmelden muss.<\/li>\n<li>Cookies k\u00f6nnen entweder \u201ebest\u00e4ndig\u201c oder \u201etempor\u00e4r\u201c (oder \u201eSitzungscookies\u201c) sein. Ein best\u00e4ndiger Cookie verwahrt Benutzereinstellungen f\u00fcr eine bestimmte Website, sodass die Einstellungen f\u00fcr zuk\u00fcnftige Browsersitzungen verwendet werden k\u00f6nnen, und er ist bis zum eingestellten Ablaufdatum g\u00fcltig (es sei denn, er wird vor Ablauf vom Nutzer gel\u00f6scht). Ein tempor\u00e4rer Cookie endet dagegen am Ende der Benutzersitzung, wenn der Browser geschlossen wird.<\/li>\n<li>Cookies werden auch zu statistischen oder Marketingzwecken verwendet, um festzustellen, wie die Website genutzt wird. Diese Cookies werden von uns oder von Dritten (z. B. Werbepartnern) bereitgestellt. Wir haben keine Kontrolle und keinen Zugriff auf die Cookies von Werbenden, lassen sie jedoch auf dieser Website zu, um gezielte Werbung zu erleichtern und um das Kaufverhalten und Interesse bez\u00fcglich bestimmter Waren nachzuverfolgen \u2013 zum Beispiel im Hinblick auf Urlaub oder Hobbys. Diese Cookies erm\u00f6glichen Werbung, die auf den Nutzer auf der Basis seines Online-Kaufverhaltens zugeschnitten ist.<\/li>\n<\/ul>\n<\/li>\n<\/ol>\n<p>&nbsp;<\/p>\n<p><strong>Von anderen Quellen<\/strong><\/p>\n<p>Wir erhalten Ihre personenbezogenen Informationen m\u00f6glicherweise von anderen Quellen wie \u00f6ffentlichen Datenbanken, Datenh\u00e4ndlern, gemeinsamen Marketing-Partnern, Social-Media-Plattformen, von Personen, mit denen Sie befreundet oder anderweitig auf Social-Media-Plattformen verbunden sind.<\/p>\n<p>&nbsp;<\/p>\n<p><strong>Sonstige nicht personenbezogene Daten<\/strong><\/p>\n<p>Erg\u00e4nzend zu den personenbezogenen Daten oder sonstigen Informationen, die Sie uns gegebenenfalls \u00fcber unsere Services bereitstellen, k\u00f6nnen wir und unsere unabh\u00e4ngigen Dienstanbieter verschiedene aktuell und k\u00fcnftig verf\u00fcgbare Technologien einsetzen, um Ihre Online-Nutzungsdaten bei dem Besuch oder der Interaktion mit den Services automatisch zu erfassen. Diese Daten k\u00f6nnen den Browsertyp, das Betriebssystem, die bereitgestellte Webseite, die Zeit, die Quelle des Aufrufs, die vorherige Webseitenansicht und andere Daten dieser Art umfassen. Wir k\u00f6nnen diese Nutzungsdaten f\u00fcr verschiedene Zwecke verwenden, unter anderem zur Verbesserung unserer Services. Wir k\u00f6nnen zudem Ihre IP-Adresse oder eine andere eindeutige Kennung des Ger\u00e4tes erfassen, \u00fcber das Sie auf das Internet zugreifen (im Folgenden \u201eGer\u00e4tekennung\u201c). Bei der Ger\u00e4tekennung handelt es sich um eine automatisch Ihrem Ger\u00e4t zugewiesene Nummer, wobei wir Ihr Ger\u00e4t mithilfe der Ger\u00e4tekennung identifizieren k\u00f6nnen. Durch die Analyse von Nutzungsdaten verstehen wir besser, wie unsere Services verwendet werden, welche Besuchergruppen unsere Services aufrufen, welche Arten von Inhalt besonders beliebt sind, welche Arten von Inhalt f\u00fcr Sie am relevantesten sind und f\u00fcr was f\u00fcr Inhalte und Werbeinhalte sich welche Besuchergruppen interessieren. Wir k\u00f6nnen Ihre Ger\u00e4tekennung oder Online-Nutzungsdaten mit den von Ihnen bereitgestellten personenbezogenen Daten verkn\u00fcpfen, werden dabei jedoch die verkn\u00fcpften Daten als personenbezogene Daten behandeln.<\/p>\n<p>Nicht personenbezogene Daten werden von uns verschiedenartig verwendet, unter anderem zur Analyse des Website-Traffic, Ermittlung von Kundenbed\u00fcrfnissen und Trends, Durchf\u00fchrung zielgruppengerechter Werbeaktivit\u00e4ten und Verbesserung unserer Services. Wir k\u00f6nnen nicht personenbezogene Daten sowohl allein als auch in aggregierter Form zusammen mit Daten anderer Benutzer verwenden. Zu diesen Zwecken k\u00f6nnen wir Ihre nicht personenbezogenen Daten an Tochtergesellschaften und Dritte weitergeben; allerdings handelt es sich bei aggregierten Daten um anonymisierte Informationen, die kein Zur\u00fcckf\u00fchren auf Ihre Person erlauben. Unsere Analysen und bestimmte nicht personenbezogene Daten k\u00f6nnen wir Dritten gegen\u00fcber bereitstellen (die diese Daten wiederum zur Bereitstellung von auf Ihre Interessen zugeschnittene Werbung nutzen k\u00f6nnen), dadurch werden jedoch keine auf Ihre Person zur\u00fcckf\u00fchrbare Daten weitergegeben.<\/p>\n<p>Da es sich bei aggregierten oder anonymisierten Informationen nicht um personenbezogene Daten handelt, k\u00f6nnen wir sie zu jedem beliebigen Zweck nutzen. Wenn wir anonymisierte oder aggregierte Daten mit personenbezogenen Daten kombinieren, behandeln wir die kombinierten Informationen gem\u00e4\u00df dieser Datenschutzrichtlinie als personenbezogene Informationen.<\/p>\n<p>&nbsp;<\/p>\n<p><strong>Warum und wie wir Ihre Daten verwenden<\/strong><\/p>\n<p>Wir k\u00f6nnen personenbezogene Daten in Verbindung mit einer der folgenden Situationen verarbeiten:<\/p>\n<ol>\n<li>Unsere Gesch\u00e4ftstransaktionen mit Ihnen, insbesondere:<br \/>\n<ul>\n<li>um auf Ihre Anfragen zu reagieren und Ihre W\u00fcnsche zu erf\u00fcllen<\/li>\n<\/ul>\n<\/li>\n<li>In \u00dcbereinstimmung mit etwaigen von Ihnen abgegebenen Einverst\u00e4ndniserkl\u00e4rungen haben das Sie Recht, Ihre Einwilligung zu verweigern oder jederzeit zu widerrufen.<\/li>\n<li>Soweit aus rechtlichen Gr\u00fcnden erforderlich oder angemessen, insbesondere:\n<ul>\n<li>im Rahmen des geltenden Rechts<\/li>\n<li>zur Einhaltung gesetzlicher Verfahren<\/li>\n<li>um auf Anfragen von \u00f6ffentlichen und staatlichen Beh\u00f6rden einzugehen, auch von Beh\u00f6rden au\u00dferhalb des Landes, in dem Sie Ihren Wohnsitz haben<\/li>\n<li>zur Durchsetzung unserer allgemeinen Gesch\u00e4ftsbedingungen<\/li>\n<li>zum Schutz unseres Gesch\u00e4ftsbetriebs oder des Gesch\u00e4ftsbetriebs unserer Tochterunternehmen oder sonstiger Dritter<\/li>\n<li>um Rechte, Vertraulichkeit, Sicherheit und Eigentum von uns selbst und unseren Tochterunternehmen oder anderen Dritten zu sch\u00fctzen<\/li>\n<li>damit wir verf\u00fcgbare Abhilfema\u00dfnahmen ergreifen oder Sch\u00e4den begrenzen k\u00f6nnen, die wir, unsere Tochterunternehmen oder andere Dritte m\u00f6glicherweise erleiden<\/li>\n<\/ul>\n<\/li>\n<\/ol>\n<p>&nbsp;<\/p>\n<p><strong>Schutz Ihrer Informationen<\/strong><\/p>\n<ul>\n<li>Sicherheit Ihrer Informationen: Wir ergreifen angemessene Ma\u00dfnahmen, um die uns bereitgestellten Informationen vor Verlust, Missbrauch und unbefugtem Zugriff, Weitergabe, \u00c4nderung und L\u00f6schung zu sch\u00fctzen.\u00a0\u00a0<\/li>\n<li>Im Auftrag eines Dritten bereitgestellte Informationen: Wenn Sie Informationen \u00fcber eine dritte Person an uns weitergeben, stellen Sie bitte sicher, dass Sie die entsprechende Erlaubnis der betreffenden Person haben, dass wir diese Informationen f\u00fcr die in dieser Datenschutzrichtlinie genannten Zwecke nutzen k\u00f6nnen.<\/li>\n<li>Links zu Websites: Die Services k\u00f6nnen Links zu anderen Websites enthalten, die nicht von uns betrieben werden. Wir haben keine Kontrolle dar\u00fcber, wie diese Websites Ihre Informationen erfassen, und haften nicht f\u00fcr die auf diesen Websites angewendeten Praktiken, Richtlinien und Sicherheitsma\u00dfnahmen. Sie sollten die Datenschutzerkl\u00e4rungen auf diesen externen Websites lesen, bevor Sie Ihre Informationen dar\u00fcber weitergeben.<\/li>\n<li>Social-Media-Websites: Bitte beachten Sie, dass wir nicht f\u00fcr die Richtlinien und Praktiken bez\u00fcglich Erfassung, Nutzung und Offenlegung (einschlie\u00dflich der Datensicherheitsma\u00dfnahmen) durch andere Organisationen wie Facebook, Apple, Google, Microsoft, RIM oder sonstiger App-Entwickler, App-Anbieter, Social-Media-Plattform-Anbieter, Betriebssystem-Anbieter, Mobilfunkanbieter oder Ger\u00e4tehersteller verantwortlich sind, einschlie\u00dflich der personenbezogenen Daten, die Sie durch oder in Verbindung mit den Apps oder unseren Social-Media-Seiten anderen Organisationen offenlegen.<\/li>\n<li>\u00c4nderungen unserer Datenschutzrichtlinie: Von Zeit zu Zeit k\u00f6nnen wir diese Datenschutzrichtlinie \u00fcberarbeiten und\/oder personenbezogene Daten f\u00fcr neue, unvorhergesehene und zuvor nicht genannte, um Ver\u00e4nderungen im regulatorischen oder gesch\u00e4ftlichen Umfeld gerecht zu werden oder die Bed\u00fcrfnisse unserer Kunden und Dienstleister zu erf\u00fcllen. Aktualisierte Versionen mit Datumsstempel werden \u00fcber die Dienstleistungen ver\u00f6ffentlicht. Sofern gesetzlich nichts anderes vorgeschrieben ist (z. B. das Einholen der Zustimmung Ihrerseits zu den entsprechenden Material\u00e4nderungen), wird die \u00fcberarbeitete Datenschutzerkl\u00e4rung sofort mit ihrer Ver\u00f6ffentlichung wirksam.<\/li>\n<li>Minderj\u00e4hrige: Wir erfassen, behalten oder nutzen im Zusammenhang mit unseren Websites, Social-Media-Websites und Apps wissentlich keine personenbezogenen Daten von Personen unter 18 Jahren, und kein Teil dieser Services ist an Personen unter 18 Jahren gerichtet. Wenn wir zuf\u00e4llig personenbezogene Daten von Personen unter 18 Jahren, erfassen, k\u00f6nnen Sie sich wie unter \u201eWie k\u00f6nnen Sie uns kontaktieren?\u201c beschrieben an uns wenden, um einen Antrag auf L\u00f6schung dieser Informationen zu stellen.<\/li>\n<li>Aufbewahrungszeitraum. Wir bewahren Ihre personenbezogenen Daten f\u00fcr den notwendigen Zeitraum auf, um die in dieser Datenschutzrichtlinie genannten Zwecke zu erf\u00fcllen, es sei denn, eine l\u00e4ngere Aufbewahrungsfrist ist gesetzlich erforderlich oder zul\u00e4ssig.<\/li>\n<\/ul>\n<p>&nbsp;<\/p>\n<p><strong>Ihre M\u00f6glichkeiten und Rechte<\/strong><\/p>\n<ul>\n<li>Widerruf Ihrer Einwilligung: Sie k\u00f6nnen jede Einwilligung, die Sie uns zur Verarbeitung Ihrer Daten erteilt haben, jederzeit widerrufen.<\/li>\n<li>Korrektur Ihrer Daten: Wir unternehmen angemessene Schritte zur Gew\u00e4hrleistung der Richtigkeit der personenbezogenen Daten, die wir \u00fcber Sie speichern. Es unterliegt Ihrer Verantwortung sicherzustellen, dass die an uns \u00fcbermittelten Informationen zutreffend, fehlerfrei und vollst\u00e4ndig sind, und Sie uns rechtzeitig informieren, wenn sich diese Informationen \u00e4ndern. Sie k\u00f6nnen beantragen, dass unrichtige oder unvollst\u00e4ndige personenbezogene Daten, die von uns oder in unserem Namen gespeichert werden, korrigiert werden, indem Sie sich wie nachfolgend unter \u201eWie k\u00f6nnen Sie uns kontaktieren?\u201c beschrieben an uns wenden.<\/li>\n<li>L\u00f6schen Ihrer Daten: Unter bestimmten Bedingungen k\u00f6nnen Sie die L\u00f6schung der personenbezogenen Daten, die wir \u00fcber Sie speichern, beantragen. Wenden Sie sich dazu wie nachfolgend unter \u201eWie k\u00f6nnen Sie uns kontaktieren?\u201c beschrieben an uns. Wir bewerten Ihre Anfrage und stellen fest, ob wir nach geltendem Recht zur L\u00f6schung dieser Daten verpflichtet sind,<\/li>\n<li>Widerspruch gegen die Verarbeitung: Wenn Sie m\u00f6chten, dass wir Ihre Daten nicht weiter verarbeiten, k\u00f6nnen Sie eine diesbez\u00fcgliche Anfrage stellen, indem Sie sich wie nachfolgend unter \u201eImpressum\u201c beschrieben an uns wenden. Wir bewerten Ihre Anfrage und stellen fest, ob die weitere Verarbeitung durch uns nach geltendem Recht gerechtfertigt ist.<\/li>\n<li>\u00dcbertragung Ihrer Daten: Unter bestimmten Umst\u00e4nden k\u00f6nnen Sie Ihre personenbezogenen Daten in einem Format erhalten, das es Ihnen erm\u00f6glicht, sie an ein anderes Unternehmen zu senden oder uns anzuweisen, sie direkt an ein anderes Unternehmen \u00fcbertragen.<\/li>\n<\/ul>[\/et_pb_text][\/et_pb_column][\/et_pb_row][\/et_pb_section]","protected":false},"excerpt":{"rendered":"<p>Einf\u00fchrung in diese Datenschutzrichtlinie &nbsp; Art der erfassten Daten und Vorgehensweise bei ihrer Erfassung Wir erfassen m\u00f6glicherweise personenbezogene Daten \u00fcber Sie (Informationen, die Sie identifizieren oder sich auf Sie als identifizierbare Person beziehen), z. B.: Name Telefon E-Mail-Adresse Demographische Daten Wir erfassen m\u00f6glicherweise Informationen \u00fcber Sie, wenn Sie mit uns interagieren, z. B. wenn Sie: [&hellip;]<\/p>\n","protected":false},"author":2,"featured_media":0,"parent":0,"menu_order":0,"comment_status":"closed","ping_status":"closed","template":"","meta":{"_et_pb_use_builder":"on","_et_pb_old_content":"","_et_gb_content_width":"","footnotes":""},"class_list":["post-261","page","type-page","status-publish","hentry"],"_links":{"self":[{"href":"https:\/\/pbmatchedbetting.com\/index.php\/wp-json\/wp\/v2\/pages\/261","targetHints":{"allow":["GET"]}}],"collection":[{"href":"https:\/\/pbmatchedbetting.com\/index.php\/wp-json\/wp\/v2\/pages"}],"about":[{"href":"https:\/\/pbmatchedbetting.com\/index.php\/wp-json\/wp\/v2\/types\/page"}],"author":[{"embeddable":true,"href":"https:\/\/pbmatchedbetting.com\/index.php\/wp-json\/wp\/v2\/users\/2"}],"replies":[{"embeddable":true,"href":"https:\/\/pbmatchedbetting.com\/index.php\/wp-json\/wp\/v2\/comments?post=261"}],"version-history":[{"count":2,"href":"https:\/\/pbmatchedbetting.com\/index.php\/wp-json\/wp\/v2\/pages\/261\/revisions"}],"predecessor-version":[{"id":271,"href":"https:\/\/pbmatchedbetting.com\/index.php\/wp-json\/wp\/v2\/pages\/261\/revisions\/271"}],"wp:attachment":[{"href":"https:\/\/pbmatchedbetting.com\/index.php\/wp-json\/wp\/v2\/media?parent=261"}],"curies":[{"name":"wp","href":"https:\/\/api.w.org\/{rel}","templated":true}]}}